{"id":335,"date":"2022-04-04T07:55:40","date_gmt":"2022-04-04T07:55:40","guid":{"rendered":"https:\/\/rkbf.dk\/?page_id=335"},"modified":"2022-04-04T08:04:37","modified_gmt":"2022-04-04T08:04:37","slug":"klage-over-rotter","status":"publish","type":"page","link":"https:\/\/rkbf.dk\/index.php\/klage-over-rotter\/","title":{"rendered":"Klage rotter"},"content":{"rendered":"<div  class='flex_column av-2e4e-2467ba26f9f6b526d32b6de797cad130 av_one_full  avia-builder-el-0  el_before_av_one_half  avia-builder-el-first  first flex_column_div  '     ><p>\n<style type=\"text\/css\" data-created_by=\"avia_inline_auto\" id=\"style-css-av-kxjjzg08-9c5da810d348dc4bdb1dbafe8ccb72d4\">\n#top .av-special-heading.av-kxjjzg08-9c5da810d348dc4bdb1dbafe8ccb72d4{\npadding-bottom:10px;\n}\nbody .av-special-heading.av-kxjjzg08-9c5da810d348dc4bdb1dbafe8ccb72d4 .av-special-heading-tag .heading-char{\nfont-size:25px;\n}\n.av-special-heading.av-kxjjzg08-9c5da810d348dc4bdb1dbafe8ccb72d4 .av-subheading{\nfont-size:15px;\n}\n<\/style>\n<div  class='av-special-heading av-kxjjzg08-9c5da810d348dc4bdb1dbafe8ccb72d4 av-special-heading-h1 blockquote modern-quote modern-centered  avia-builder-el-1  el_before_av_hr  avia-builder-el-first '><h1 class='av-special-heading-tag '  itemprop=\"headline\"  >Plaget af rotter?<\/h1><div class=\"special-heading-border\"><div class=\"special-heading-inner-border\"><\/div><\/div><\/div><br \/>\n\n<style type=\"text\/css\" data-created_by=\"avia_inline_auto\" id=\"style-css-av-kxjk5dbw-74b2b32dc2391d3ff060cc6abde4663f\">\n#top .hr.hr-invisible.av-kxjk5dbw-74b2b32dc2391d3ff060cc6abde4663f{\nheight:25px;\n}\n<\/style>\n<div  class='hr av-kxjk5dbw-74b2b32dc2391d3ff060cc6abde4663f hr-invisible  avia-builder-el-2  el_after_av_heading  avia-builder-el-last '><span class='hr-inner '><span class=\"hr-inner-style\"><\/span><\/span><\/div><\/p><\/div>\n<div  class='flex_column av-ydl6-d208b76ce44ff5d8163d2cae29c048f0 av_one_half  avia-builder-el-3  el_after_av_one_full  el_before_av_one_half  first flex_column_div  column-top-margin'     ><style type=\"text\/css\" data-created_by=\"avia_inline_auto\" id=\"style-css-av-l1kf3wi4-77a87ffdc9e950b6e0189b679400cce1\">\n.avia-video.av-l1kf3wi4-77a87ffdc9e950b6e0189b679400cce1{\nbackground-image:url(https:\/\/rkbf.dk\/wp-content\/uploads\/2022\/04\/rotte-Nina-Bangs-plads-495x400.jpg);\n}\n<\/style>\n<div  class='avia-video av-l1kf3wi4-77a87ffdc9e950b6e0189b679400cce1 avia-video-16-9 av-preview-image avia-video-load-always av-lazyload-immediate av-lazyload-video-embed'  itemprop=\"video\" itemtype=\"https:\/\/schema.org\/VideoObject\"  data-original_url='https:\/\/www.facebook.com\/lis.damm\/videos\/1427083241066823'><script type='text\/html' class='av-video-tmpl'><a href=\"https:\/\/www.facebook.com\/lis.damm\/videos\/1427083241066823\">https:\/\/www.facebook.com\/lis.damm\/videos\/1427083241066823<\/a><\/script><div class='av-click-to-play-overlay'><div class=\"avia_playpause_icon\"><\/div><\/div><\/div><\/div>\n<div  class='flex_column av-4s5m-c964aeb0e50c25f1564a85085ade0a8f av_one_half  avia-builder-el-5  el_after_av_one_half  avia-builder-el-last  flex_column_div  column-top-margin'     ><section  class='av_textblock_section av-ohq2-b582ac3db4b31f0b934c335c2891d018 '   itemscope=\"itemscope\" itemtype=\"https:\/\/schema.org\/CreativeWork\" ><div class='avia_textblock'  itemprop=\"text\" ><div class=\"region region-content-header\">\n<div id=\"block-kkdk-theme-page-title\" class=\"block block-core block-page-title-block\">\n<h1 class=\"page-title\"><span class=\"field field--name-title field--type-string field--label-hidden\">Rotter &#8211; Kontakt til K\u00f8benhavns kommune ASAP<\/span><\/h1>\n<\/div>\n<\/div>\n<div class=\"layout-inner-content\">\n<div class=\"region region-content\">\n<article class=\"node node--type-article node--view-mode-full\" role=\"article\">\n<div class=\"node__content\">\n<div class=\"field field--name-teaser field--type-string field--label-hidden field__item\">Anmeld rotterne online p\u00e5 https:\/\/www.kk.dk\/rotter eller ring til akutvagten p\u00e5 3366 2585.<\/div>\n<div><\/div>\n<div class=\"field field--name-teaser field--type-string field--label-hidden field__item\">Bem\u00e6rk, at der er s\u00f8ndags\u00e5bnet.<\/div>\n<\/div>\n<\/article>\n<\/div>\n<\/div>\n<p>Du m\u00e5 gerne sende et billede til os med oplysninger om sted samt hvor l\u00e6nge det har ligget der<\/p>\n<p>Hvordan se under Kontakt i menuen<\/p>\n<\/div><\/section><\/div>\n","protected":false},"excerpt":{"rendered":"","protected":false},"author":1,"featured_media":0,"parent":0,"menu_order":0,"comment_status":"closed","ping_status":"closed","template":"","meta":{"footnotes":""},"class_list":["post-335","page","type-page","status-publish","hentry"],"yoast_head":"<!-- This site is optimized with the Yoast SEO plugin v27.5 - https:\/\/yoast.com\/product\/yoast-seo-wordpress\/ -->\n<title>Klage rotter - VELKOMMEN TIL RUNDET\u00c5RN KVARTERS BEBOERFORENING<\/title>\n<meta name=\"robots\" content=\"index, follow, max-snippet:-1, max-image-preview:large, max-video-preview:-1\" \/>\n<link rel=\"canonical\" href=\"https:\/\/rkbf.dk\/index.php\/klage-over-rotter\/\" \/>\n<meta property=\"og:locale\" content=\"da_DK\" \/>\n<meta property=\"og:type\" content=\"article\" \/>\n<meta property=\"og:title\" content=\"Klage rotter - VELKOMMEN TIL RUNDET\u00c5RN KVARTERS BEBOERFORENING\" \/>\n<meta property=\"og:url\" content=\"https:\/\/rkbf.dk\/index.php\/klage-over-rotter\/\" \/>\n<meta property=\"og:site_name\" content=\"VELKOMMEN TIL RUNDET\u00c5RN KVARTERS BEBOERFORENING\" \/>\n<meta property=\"article:modified_time\" content=\"2022-04-04T08:04:37+00:00\" \/>\n<meta property=\"og:image\" content=\"https:\/\/rkbf.dk\/wp-content\/uploads\/2022\/01\/rundetaarn-200-200.jpg\" \/>\n\t<meta property=\"og:image:width\" content=\"200\" \/>\n\t<meta property=\"og:image:height\" content=\"200\" \/>\n\t<meta property=\"og:image:type\" content=\"image\/jpeg\" \/>\n<meta name=\"twitter:card\" content=\"summary_large_image\" \/>\n<meta name=\"twitter:label1\" content=\"Estimeret l\u00e6setid\" \/>\n\t<meta name=\"twitter:data1\" content=\"5 minutter\" \/>\n<script type=\"application\/ld+json\" class=\"yoast-schema-graph\">{\"@context\":\"https:\\\/\\\/schema.org\",\"@graph\":[{\"@type\":\"WebPage\",\"@id\":\"https:\\\/\\\/rkbf.dk\\\/index.php\\\/klage-over-rotter\\\/\",\"url\":\"https:\\\/\\\/rkbf.dk\\\/index.php\\\/klage-over-rotter\\\/\",\"name\":\"Klage rotter - VELKOMMEN TIL RUNDET\u00c5RN KVARTERS BEBOERFORENING\",\"isPartOf\":{\"@id\":\"https:\\\/\\\/rkbf.dk\\\/#website\"},\"datePublished\":\"2022-04-04T07:55:40+00:00\",\"dateModified\":\"2022-04-04T08:04:37+00:00\",\"breadcrumb\":{\"@id\":\"https:\\\/\\\/rkbf.dk\\\/index.php\\\/klage-over-rotter\\\/#breadcrumb\"},\"inLanguage\":\"da-DK\",\"potentialAction\":[{\"@type\":\"ReadAction\",\"target\":[\"https:\\\/\\\/rkbf.dk\\\/index.php\\\/klage-over-rotter\\\/\"]}]},{\"@type\":\"BreadcrumbList\",\"@id\":\"https:\\\/\\\/rkbf.dk\\\/index.php\\\/klage-over-rotter\\\/#breadcrumb\",\"itemListElement\":[{\"@type\":\"ListItem\",\"position\":1,\"name\":\"Hjem\",\"item\":\"https:\\\/\\\/rkbf.dk\\\/\"},{\"@type\":\"ListItem\",\"position\":2,\"name\":\"Klage rotter\"}]},{\"@type\":\"WebSite\",\"@id\":\"https:\\\/\\\/rkbf.dk\\\/#website\",\"url\":\"https:\\\/\\\/rkbf.dk\\\/\",\"name\":\"VELKOMMEN TIL RUNDET\u00c5RN KVARTERS BEBOERFORENING\",\"description\":\"RKBF - RUNDET\u00c5RN KVARTERS BEBOERFORENINGS HJEMMESIDE\",\"publisher\":{\"@id\":\"https:\\\/\\\/rkbf.dk\\\/#organization\"},\"potentialAction\":[{\"@type\":\"SearchAction\",\"target\":{\"@type\":\"EntryPoint\",\"urlTemplate\":\"https:\\\/\\\/rkbf.dk\\\/?s={search_term_string}\"},\"query-input\":{\"@type\":\"PropertyValueSpecification\",\"valueRequired\":true,\"valueName\":\"search_term_string\"}}],\"inLanguage\":\"da-DK\"},{\"@type\":\"Organization\",\"@id\":\"https:\\\/\\\/rkbf.dk\\\/#organization\",\"name\":\"Rundet\u00e5rn Kvarters Beboerforening\",\"url\":\"https:\\\/\\\/rkbf.dk\\\/\",\"logo\":{\"@type\":\"ImageObject\",\"inLanguage\":\"da-DK\",\"@id\":\"https:\\\/\\\/rkbf.dk\\\/#\\\/schema\\\/logo\\\/image\\\/\",\"url\":\"https:\\\/\\\/rkbf.dk\\\/wp-content\\\/uploads\\\/2022\\\/01\\\/RKBF-logo.jpg\",\"contentUrl\":\"https:\\\/\\\/rkbf.dk\\\/wp-content\\\/uploads\\\/2022\\\/01\\\/RKBF-logo.jpg\",\"width\":286,\"height\":120,\"caption\":\"Rundet\u00e5rn Kvarters Beboerforening\"},\"image\":{\"@id\":\"https:\\\/\\\/rkbf.dk\\\/#\\\/schema\\\/logo\\\/image\\\/\"}}]}<\/script>\n<!-- \/ Yoast SEO plugin. -->","yoast_head_json":{"title":"Klage rotter - VELKOMMEN TIL RUNDET\u00c5RN KVARTERS BEBOERFORENING","robots":{"index":"index","follow":"follow","max-snippet":"max-snippet:-1","max-image-preview":"max-image-preview:large","max-video-preview":"max-video-preview:-1"},"canonical":"https:\/\/rkbf.dk\/index.php\/klage-over-rotter\/","og_locale":"da_DK","og_type":"article","og_title":"Klage rotter - VELKOMMEN TIL RUNDET\u00c5RN KVARTERS BEBOERFORENING","og_url":"https:\/\/rkbf.dk\/index.php\/klage-over-rotter\/","og_site_name":"VELKOMMEN TIL RUNDET\u00c5RN KVARTERS BEBOERFORENING","article_modified_time":"2022-04-04T08:04:37+00:00","og_image":[{"width":200,"height":200,"url":"https:\/\/rkbf.dk\/wp-content\/uploads\/2022\/01\/rundetaarn-200-200.jpg","type":"image\/jpeg"}],"twitter_card":"summary_large_image","twitter_misc":{"Estimeret l\u00e6setid":"5 minutter"},"schema":{"@context":"https:\/\/schema.org","@graph":[{"@type":"WebPage","@id":"https:\/\/rkbf.dk\/index.php\/klage-over-rotter\/","url":"https:\/\/rkbf.dk\/index.php\/klage-over-rotter\/","name":"Klage rotter - VELKOMMEN TIL RUNDET\u00c5RN KVARTERS BEBOERFORENING","isPartOf":{"@id":"https:\/\/rkbf.dk\/#website"},"datePublished":"2022-04-04T07:55:40+00:00","dateModified":"2022-04-04T08:04:37+00:00","breadcrumb":{"@id":"https:\/\/rkbf.dk\/index.php\/klage-over-rotter\/#breadcrumb"},"inLanguage":"da-DK","potentialAction":[{"@type":"ReadAction","target":["https:\/\/rkbf.dk\/index.php\/klage-over-rotter\/"]}]},{"@type":"BreadcrumbList","@id":"https:\/\/rkbf.dk\/index.php\/klage-over-rotter\/#breadcrumb","itemListElement":[{"@type":"ListItem","position":1,"name":"Hjem","item":"https:\/\/rkbf.dk\/"},{"@type":"ListItem","position":2,"name":"Klage rotter"}]},{"@type":"WebSite","@id":"https:\/\/rkbf.dk\/#website","url":"https:\/\/rkbf.dk\/","name":"VELKOMMEN TIL RUNDET\u00c5RN KVARTERS BEBOERFORENING","description":"RKBF - RUNDET\u00c5RN KVARTERS BEBOERFORENINGS HJEMMESIDE","publisher":{"@id":"https:\/\/rkbf.dk\/#organization"},"potentialAction":[{"@type":"SearchAction","target":{"@type":"EntryPoint","urlTemplate":"https:\/\/rkbf.dk\/?s={search_term_string}"},"query-input":{"@type":"PropertyValueSpecification","valueRequired":true,"valueName":"search_term_string"}}],"inLanguage":"da-DK"},{"@type":"Organization","@id":"https:\/\/rkbf.dk\/#organization","name":"Rundet\u00e5rn Kvarters Beboerforening","url":"https:\/\/rkbf.dk\/","logo":{"@type":"ImageObject","inLanguage":"da-DK","@id":"https:\/\/rkbf.dk\/#\/schema\/logo\/image\/","url":"https:\/\/rkbf.dk\/wp-content\/uploads\/2022\/01\/RKBF-logo.jpg","contentUrl":"https:\/\/rkbf.dk\/wp-content\/uploads\/2022\/01\/RKBF-logo.jpg","width":286,"height":120,"caption":"Rundet\u00e5rn Kvarters Beboerforening"},"image":{"@id":"https:\/\/rkbf.dk\/#\/schema\/logo\/image\/"}}]}},"_links":{"self":[{"href":"https:\/\/rkbf.dk\/index.php\/wp-json\/wp\/v2\/pages\/335","targetHints":{"allow":["GET"]}}],"collection":[{"href":"https:\/\/rkbf.dk\/index.php\/wp-json\/wp\/v2\/pages"}],"about":[{"href":"https:\/\/rkbf.dk\/index.php\/wp-json\/wp\/v2\/types\/page"}],"author":[{"embeddable":true,"href":"https:\/\/rkbf.dk\/index.php\/wp-json\/wp\/v2\/users\/1"}],"replies":[{"embeddable":true,"href":"https:\/\/rkbf.dk\/index.php\/wp-json\/wp\/v2\/comments?post=335"}],"version-history":[{"count":3,"href":"https:\/\/rkbf.dk\/index.php\/wp-json\/wp\/v2\/pages\/335\/revisions"}],"predecessor-version":[{"id":341,"href":"https:\/\/rkbf.dk\/index.php\/wp-json\/wp\/v2\/pages\/335\/revisions\/341"}],"wp:attachment":[{"href":"https:\/\/rkbf.dk\/index.php\/wp-json\/wp\/v2\/media?parent=335"}],"curies":[{"name":"wp","href":"https:\/\/api.w.org\/{rel}","templated":true}]}}